{"id":1591,"date":"2024-06-03T11:33:16","date_gmt":"2024-06-03T11:33:16","guid":{"rendered":"https:\/\/vanillafair.cssrender.com\/home-vanilla-fair\/"},"modified":"2025-02-15T07:06:24","modified_gmt":"2025-02-15T07:06:24","slug":"accueil","status":"publish","type":"page","link":"https:\/\/vanillafair.com\/fr\/","title":{"rendered":"Accueil"},"content":{"rendered":"","protected":false},"excerpt":{"rendered":"","protected":false},"author":1,"featured_media":0,"parent":0,"menu_order":0,"comment_status":"closed","ping_status":"closed","template":"","meta":{"_acf_changed":false,"footnotes":""},"class_list":["post-1591","page","type-page","status-publish","hentry"],"acf":[],"aioseo_notices":[],"aioseo_head":"\n\t\t<!-- All in One SEO Pro 4.9.6.1 - aioseo.com -->\n\t<meta name=\"description\" content=\"Vanilla Fair : Specialiste en vanille premium. Gousses, extraits, p\u00e2tes et perles de vanille de qualit\u00e9 sup\u00e9rieure pour connaisseurs et professionnels.\" \/>\n\t<meta name=\"robots\" content=\"max-snippet:-1, max-image-preview:large, max-video-preview:-1\" \/>\n\t<meta name=\"google-site-verification\" content=\"v2xa5-fUu2oVBpRW3zu3eoK3R5xvbC4Q9p2I5CI9WEI\" \/>\n\t<link rel=\"canonical\" href=\"https:\/\/vanillafair.com\/fr\/\" \/>\n\t<meta name=\"generator\" content=\"All in One SEO Pro (AIOSEO) 4.9.6.1\" \/>\n\t\t<meta property=\"og:locale\" content=\"fr_FR\" \/>\n\t\t<meta property=\"og:site_name\" content=\"Vanilla fair | Empowering Communities, One Vanilla Bean at a Time\" \/>\n\t\t<meta property=\"og:type\" content=\"website\" \/>\n\t\t<meta property=\"og:title\" content=\"Vanille - Tradition et Savoir-Faire| Gousses, Extraits, P\u00e2te\" \/>\n\t\t<meta property=\"og:description\" content=\"Vanilla Fair : Specialiste en vanille premium. Gousses, extraits, p\u00e2tes et perles de vanille de qualit\u00e9 sup\u00e9rieure pour connaisseurs et professionnels.\" \/>\n\t\t<meta property=\"og:url\" content=\"https:\/\/vanillafair.com\/fr\/\" \/>\n\t\t<meta property=\"og:image\" content=\"https:\/\/vanillafair.com\/wp-content\/uploads\/2024\/08\/Black-Vanilla-for-Professionals-2.jpg\" \/>\n\t\t<meta property=\"og:image:secure_url\" content=\"https:\/\/vanillafair.com\/wp-content\/uploads\/2024\/08\/Black-Vanilla-for-Professionals-2.jpg\" \/>\n\t\t<meta property=\"og:image:width\" content=\"1280\" \/>\n\t\t<meta property=\"og:image:height\" content=\"600\" \/>\n\t\t<meta name=\"twitter:card\" content=\"summary_large_image\" \/>\n\t\t<meta name=\"twitter:title\" content=\"Vanille - Tradition et Savoir-Faire| Gousses, Extraits, P\u00e2te\" \/>\n\t\t<meta name=\"twitter:description\" content=\"Vanilla Fair : Specialiste en vanille premium. Gousses, extraits, p\u00e2tes et perles de vanille de qualit\u00e9 sup\u00e9rieure pour connaisseurs et professionnels.\" \/>\n\t\t<meta name=\"twitter:image\" content=\"https:\/\/vanillafair.cssrender.com\/wp-content\/uploads\/2024\/06\/logo.svg\" \/>\n\t\t<script type=\"application\/ld+json\" class=\"aioseo-schema\">\n\t\t\t{\"@context\":\"https:\\\/\\\/schema.org\",\"@graph\":[{\"@type\":\"BreadcrumbList\",\"@id\":\"https:\\\/\\\/vanillafair.com\\\/fr\\\/#breadcrumblist\",\"itemListElement\":[{\"@type\":\"ListItem\",\"@id\":\"https:\\\/\\\/vanillafair.com\\\/fr\\\/#listItem\",\"position\":1,\"name\":\"Home\",\"item\":\"https:\\\/\\\/vanillafair.com\\\/fr\\\/\",\"nextItem\":{\"@type\":\"ListItem\",\"@id\":\"https:\\\/\\\/vanillafair.com\\\/fr\\\/#listItem\",\"name\":\"Accueil\"}},{\"@type\":\"ListItem\",\"@id\":\"https:\\\/\\\/vanillafair.com\\\/fr\\\/#listItem\",\"position\":2,\"name\":\"Accueil\",\"previousItem\":{\"@type\":\"ListItem\",\"@id\":\"https:\\\/\\\/vanillafair.com\\\/fr\\\/#listItem\",\"name\":\"Home\"}}]},{\"@type\":\"LocalBusiness\",\"@id\":\"https:\\\/\\\/vanillafair.com\\\/fr\\\/#localbusiness\",\"name\":\"Vanilla fair\",\"brand\":{\"@id\":\"https:\\\/\\\/vanillafair.com\\\/fr\\\/#organization\"},\"url\":\"https:\\\/\\\/vanillafair.com\\\/fr\\\/\",\"image\":\"https:\\\/\\\/vanillafair.cssrender.com\\\/wp-content\\\/uploads\\\/2024\\\/06\\\/logo.svg\",\"logo\":\"https:\\\/\\\/vanillafair.com\\\/fr\\\/#logo\",\"telephone\":\"+33955658293\",\"openingHoursSpecification\":[{\"@type\":\"OpeningHoursSpecification\",\"dayOfWeek\":[\"https:\\\/\\\/schema.org\\\/Monday\"],\"opens\":\"09:00\",\"closes\":\"17:00\"},{\"@type\":\"OpeningHoursSpecification\",\"dayOfWeek\":[\"https:\\\/\\\/schema.org\\\/Tuesday\"],\"opens\":\"09:00\",\"closes\":\"17:00\"},{\"@type\":\"OpeningHoursSpecification\",\"dayOfWeek\":[\"https:\\\/\\\/schema.org\\\/Wednesday\"],\"opens\":\"09:00\",\"closes\":\"17:00\"},{\"@type\":\"OpeningHoursSpecification\",\"dayOfWeek\":[\"https:\\\/\\\/schema.org\\\/Thursday\"],\"opens\":\"09:00\",\"closes\":\"17:00\"},{\"@type\":\"OpeningHoursSpecification\",\"dayOfWeek\":[\"https:\\\/\\\/schema.org\\\/Friday\"],\"opens\":\"09:00\",\"closes\":\"17:00\"},{\"@type\":\"OpeningHoursSpecification\",\"dayOfWeek\":[\"https:\\\/\\\/schema.org\\\/Saturday\"],\"opens\":\"09:00\",\"closes\":\"17:00\"},{\"@type\":\"OpeningHoursSpecification\",\"dayOfWeek\":[\"https:\\\/\\\/schema.org\\\/Sunday\"],\"opens\":\"09:00\",\"closes\":\"17:00\"}]},{\"@type\":\"Organization\",\"@id\":\"https:\\\/\\\/vanillafair.com\\\/fr\\\/#organization\",\"name\":\"Vanilla fair\",\"description\":\"Empowering Communities, One Vanilla Bean at a Time\",\"url\":\"https:\\\/\\\/vanillafair.com\\\/fr\\\/\",\"email\":\"contact@vanillafair.com\",\"telephone\":\"+33955658293\",\"foundingDate\":\"2018-12-04\",\"numberOfEmployees\":{\"@type\":\"QuantitativeValue\",\"minValue\":10,\"maxValue\":50},\"logo\":{\"@type\":\"ImageObject\",\"url\":\"https:\\\/\\\/vanillafair.cssrender.com\\\/wp-content\\\/uploads\\\/2024\\\/06\\\/logo.svg\",\"@id\":\"https:\\\/\\\/vanillafair.com\\\/fr\\\/#organizationLogo\"},\"image\":{\"@id\":\"https:\\\/\\\/vanillafair.com\\\/fr\\\/#organizationLogo\"},\"sameAs\":[\"https:\\\/\\\/www.facebook.com\\\/profile.php?id=61550121462223\",\"https:\\\/\\\/www.instagram.com\\\/vanilla__fair?igsh=enJnNTZvaTdzMzg2&utm_source=qr\",\"https:\\\/\\\/www.youtube.com\\\/@vanillafair\",\"https:\\\/\\\/www.linkedin.com\\\/company\\\/vanillafair\\\/\"]},{\"@type\":\"WebPage\",\"@id\":\"https:\\\/\\\/vanillafair.com\\\/fr\\\/#webpage\",\"url\":\"https:\\\/\\\/vanillafair.com\\\/fr\\\/\",\"name\":\"Vanille - Tradition et Savoir-Faire| Gousses, Extraits, P\\u00e2te\",\"description\":\"Vanilla Fair : Specialiste en vanille premium. Gousses, extraits, p\\u00e2tes et perles de vanille de qualit\\u00e9 sup\\u00e9rieure pour connaisseurs et professionnels.\",\"inLanguage\":\"fr-FR\",\"isPartOf\":{\"@id\":\"https:\\\/\\\/vanillafair.com\\\/fr\\\/#website\"},\"breadcrumb\":{\"@id\":\"https:\\\/\\\/vanillafair.com\\\/fr\\\/#breadcrumblist\"},\"datePublished\":\"2024-06-03T11:33:16+00:00\",\"dateModified\":\"2025-02-15T07:06:24+00:00\"},{\"@type\":\"WebSite\",\"@id\":\"https:\\\/\\\/vanillafair.com\\\/fr\\\/#website\",\"url\":\"https:\\\/\\\/vanillafair.com\\\/fr\\\/\",\"name\":\"Vanilla fair\",\"alternateName\":\"VFF\",\"description\":\"Empowering Communities, One Vanilla Bean at a Time\",\"inLanguage\":\"fr-FR\",\"publisher\":{\"@id\":\"https:\\\/\\\/vanillafair.com\\\/fr\\\/#organization\"}}]}\n\t\t<\/script>\n\t\t<!-- All in One SEO Pro -->\r\n\t\t<title>Vanille - Tradition et Savoir-Faire| Gousses, Extraits, P\u00e2te<\/title>\n\n","aioseo_head_json":{"title":"Vanille - Tradition et Savoir-Faire| Gousses, Extraits, P\u00e2te","description":"Vanilla Fair : Specialiste en vanille premium. Gousses, extraits, p\u00e2tes et perles de vanille de qualit\u00e9 sup\u00e9rieure pour connaisseurs et professionnels.","canonical_url":"https:\/\/vanillafair.com\/fr\/","robots":"max-snippet:-1, max-image-preview:large, max-video-preview:-1","keywords":"","webmasterTools":{"google-site-verification":"v2xa5-fUu2oVBpRW3zu3eoK3R5xvbC4Q9p2I5CI9WEI","miscellaneous":""},"schema":{"@context":"https:\/\/schema.org","@graph":[{"@type":"BreadcrumbList","@id":"https:\/\/vanillafair.com\/fr\/#breadcrumblist","itemListElement":[{"@type":"ListItem","@id":"https:\/\/vanillafair.com\/fr\/#listItem","position":1,"name":"Home","item":"https:\/\/vanillafair.com\/fr\/","nextItem":{"@type":"ListItem","@id":"https:\/\/vanillafair.com\/fr\/#listItem","name":"Accueil"}},{"@type":"ListItem","@id":"https:\/\/vanillafair.com\/fr\/#listItem","position":2,"name":"Accueil","previousItem":{"@type":"ListItem","@id":"https:\/\/vanillafair.com\/fr\/#listItem","name":"Home"}}]},{"@type":"LocalBusiness","@id":"https:\/\/vanillafair.com\/fr\/#localbusiness","name":"Vanilla fair","brand":{"@id":"https:\/\/vanillafair.com\/fr\/#organization"},"url":"https:\/\/vanillafair.com\/fr\/","image":"https:\/\/vanillafair.cssrender.com\/wp-content\/uploads\/2024\/06\/logo.svg","logo":"https:\/\/vanillafair.com\/fr\/#logo","telephone":"+33955658293","openingHoursSpecification":[{"@type":"OpeningHoursSpecification","dayOfWeek":["https:\/\/schema.org\/Monday"],"opens":"09:00","closes":"17:00"},{"@type":"OpeningHoursSpecification","dayOfWeek":["https:\/\/schema.org\/Tuesday"],"opens":"09:00","closes":"17:00"},{"@type":"OpeningHoursSpecification","dayOfWeek":["https:\/\/schema.org\/Wednesday"],"opens":"09:00","closes":"17:00"},{"@type":"OpeningHoursSpecification","dayOfWeek":["https:\/\/schema.org\/Thursday"],"opens":"09:00","closes":"17:00"},{"@type":"OpeningHoursSpecification","dayOfWeek":["https:\/\/schema.org\/Friday"],"opens":"09:00","closes":"17:00"},{"@type":"OpeningHoursSpecification","dayOfWeek":["https:\/\/schema.org\/Saturday"],"opens":"09:00","closes":"17:00"},{"@type":"OpeningHoursSpecification","dayOfWeek":["https:\/\/schema.org\/Sunday"],"opens":"09:00","closes":"17:00"}]},{"@type":"Organization","@id":"https:\/\/vanillafair.com\/fr\/#organization","name":"Vanilla fair","description":"Empowering Communities, One Vanilla Bean at a Time","url":"https:\/\/vanillafair.com\/fr\/","email":"contact@vanillafair.com","telephone":"+33955658293","foundingDate":"2018-12-04","numberOfEmployees":{"@type":"QuantitativeValue","minValue":10,"maxValue":50},"logo":{"@type":"ImageObject","url":"https:\/\/vanillafair.cssrender.com\/wp-content\/uploads\/2024\/06\/logo.svg","@id":"https:\/\/vanillafair.com\/fr\/#organizationLogo"},"image":{"@id":"https:\/\/vanillafair.com\/fr\/#organizationLogo"},"sameAs":["https:\/\/www.facebook.com\/profile.php?id=61550121462223","https:\/\/www.instagram.com\/vanilla__fair?igsh=enJnNTZvaTdzMzg2&utm_source=qr","https:\/\/www.youtube.com\/@vanillafair","https:\/\/www.linkedin.com\/company\/vanillafair\/"]},{"@type":"WebPage","@id":"https:\/\/vanillafair.com\/fr\/#webpage","url":"https:\/\/vanillafair.com\/fr\/","name":"Vanille - Tradition et Savoir-Faire| Gousses, Extraits, P\u00e2te","description":"Vanilla Fair : Specialiste en vanille premium. Gousses, extraits, p\u00e2tes et perles de vanille de qualit\u00e9 sup\u00e9rieure pour connaisseurs et professionnels.","inLanguage":"fr-FR","isPartOf":{"@id":"https:\/\/vanillafair.com\/fr\/#website"},"breadcrumb":{"@id":"https:\/\/vanillafair.com\/fr\/#breadcrumblist"},"datePublished":"2024-06-03T11:33:16+00:00","dateModified":"2025-02-15T07:06:24+00:00"},{"@type":"WebSite","@id":"https:\/\/vanillafair.com\/fr\/#website","url":"https:\/\/vanillafair.com\/fr\/","name":"Vanilla fair","alternateName":"VFF","description":"Empowering Communities, One Vanilla Bean at a Time","inLanguage":"fr-FR","publisher":{"@id":"https:\/\/vanillafair.com\/fr\/#organization"}}]},"og:locale":"fr_FR","og:site_name":"Vanilla fair | Empowering Communities, One Vanilla Bean at a Time","og:type":"website","og:title":"Vanille - Tradition et Savoir-Faire| Gousses, Extraits, P\u00e2te","og:description":"Vanilla Fair : Specialiste en vanille premium. Gousses, extraits, p\u00e2tes et perles de vanille de qualit\u00e9 sup\u00e9rieure pour connaisseurs et professionnels.","og:url":"https:\/\/vanillafair.com\/fr\/","og:image":"https:\/\/vanillafair.com\/wp-content\/uploads\/2024\/08\/Black-Vanilla-for-Professionals-2.jpg","og:image:secure_url":"https:\/\/vanillafair.com\/wp-content\/uploads\/2024\/08\/Black-Vanilla-for-Professionals-2.jpg","og:image:width":1280,"og:image:height":600,"twitter:card":"summary_large_image","twitter:title":"Vanille - Tradition et Savoir-Faire| Gousses, Extraits, P\u00e2te","twitter:description":"Vanilla Fair : Specialiste en vanille premium. Gousses, extraits, p\u00e2tes et perles de vanille de qualit\u00e9 sup\u00e9rieure pour connaisseurs et professionnels.","twitter:image":"https:\/\/vanillafair.cssrender.com\/wp-content\/uploads\/2024\/06\/logo.svg"},"aioseo_meta_data":{"post_id":"1591","title":"Vanille - Tradition et Savoir-Faire| Gousses, Extraits, P\u00e2te","description":"Vanilla Fair : Specialiste en vanille premium. Gousses, extraits, p\u00e2tes et perles de vanille de qualit\u00e9 sup\u00e9rieure pour connaisseurs et professionnels.","keywords":null,"keyphrases":{"focus":{"keyphrase":"","score":78,"analysis":{"keyphraseInTitle":{"score":3,"maxScore":9,"error":1},"keyphraseInDescription":{"score":9,"maxScore":9,"error":0},"keyphraseLength":{"score":9,"maxScore":9,"error":0,"length":1}}},"additional":[{"keyphrase":"vanilla","score":100,"analysis":{"keyphraseInDescription":{"score":9,"maxScore":9,"error":0},"keyphraseLength":{"score":9,"maxScore":9,"error":0,"length":1}}}]},"primary_term":null,"canonical_url":null,"og_title":null,"og_description":null,"og_object_type":"website","og_image_type":"default","og_image_url":null,"og_image_width":null,"og_image_height":null,"og_image_custom_url":null,"og_image_custom_fields":null,"og_video":"","og_custom_url":null,"og_article_section":null,"og_article_tags":null,"twitter_use_og":false,"twitter_card":"default","twitter_image_type":"default","twitter_image_url":null,"twitter_image_custom_url":null,"twitter_image_custom_fields":null,"twitter_title":null,"twitter_description":null,"schema":{"blockGraphs":[],"customGraphs":[],"default":{"data":{"Article":[],"Course":[],"Dataset":[],"FAQPage":[],"Movie":[],"Person":[],"Product":[],"ProductReview":[],"Car":[],"Recipe":[],"Service":[],"SoftwareApplication":[],"WebPage":[]},"graphName":"WebPage","isEnabled":true},"graphs":[]},"schema_type":"default","schema_type_options":null,"pillar_content":false,"robots_default":true,"robots_noindex":false,"robots_noarchive":false,"robots_nosnippet":false,"robots_nofollow":false,"robots_noimageindex":false,"robots_noodp":false,"robots_notranslate":false,"robots_max_snippet":"-1","robots_max_videopreview":"-1","robots_max_imagepreview":"large","priority":null,"frequency":"default","local_seo":null,"seo_analyzer_scan_date":"2025-10-08 23:38:37","breadcrumb_settings":null,"limit_modified_date":false,"reviewed_by":null,"open_ai":"{\"title\":{\"suggestions\":[],\"usage\":0},\"description\":{\"suggestions\":[],\"usage\":0}}","ai":null,"created":"2024-07-10 11:45:02","updated":"2025-10-21 22:27:03"},"aioseo_breadcrumb":"<div class=\"aioseo-breadcrumbs\"><span class=\"aioseo-breadcrumb\">\n\t<a href=\"https:\/\/vanillafair.com\/fr\/\" title=\"Home\">Home<\/a>\n<\/span><span class=\"aioseo-breadcrumb-separator\">\u2013<\/span><span class=\"aioseo-breadcrumb\">\n\tAccueil\n<\/span><\/div>","aioseo_breadcrumb_json":[{"label":"Home","link":"https:\/\/vanillafair.com\/fr\/"},{"label":"Accueil","link":"https:\/\/vanillafair.com\/fr\/"}],"_links":{"self":[{"href":"https:\/\/vanillafair.com\/fr\/wp-json\/wp\/v2\/pages\/1591","targetHints":{"allow":["GET"]}}],"collection":[{"href":"https:\/\/vanillafair.com\/fr\/wp-json\/wp\/v2\/pages"}],"about":[{"href":"https:\/\/vanillafair.com\/fr\/wp-json\/wp\/v2\/types\/page"}],"author":[{"embeddable":true,"href":"https:\/\/vanillafair.com\/fr\/wp-json\/wp\/v2\/users\/1"}],"replies":[{"embeddable":true,"href":"https:\/\/vanillafair.com\/fr\/wp-json\/wp\/v2\/comments?post=1591"}],"version-history":[{"count":28,"href":"https:\/\/vanillafair.com\/fr\/wp-json\/wp\/v2\/pages\/1591\/revisions"}],"predecessor-version":[{"id":5864,"href":"https:\/\/vanillafair.com\/fr\/wp-json\/wp\/v2\/pages\/1591\/revisions\/5864"}],"wp:attachment":[{"href":"https:\/\/vanillafair.com\/fr\/wp-json\/wp\/v2\/media?parent=1591"}],"curies":[{"name":"wp","href":"https:\/\/api.w.org\/{rel}","templated":true}]}}