{"id":1760,"date":"2024-06-18T12:56:35","date_gmt":"2024-06-18T12:56:35","guid":{"rendered":"https:\/\/vanillafair.cssrender.com\/vente-au-detail-oem\/"},"modified":"2025-01-10T22:47:10","modified_gmt":"2025-01-10T22:47:10","slug":"vente-au-detail","status":"publish","type":"page","link":"https:\/\/vanillafair.com\/fr\/produits\/vente-au-detail\/","title":{"rendered":"Vente au d\u00e9tail OEM"},"content":{"rendered":"","protected":false},"excerpt":{"rendered":"","protected":false},"author":1,"featured_media":0,"parent":1762,"menu_order":0,"comment_status":"closed","ping_status":"closed","template":"template-oem.php","meta":{"_acf_changed":false,"footnotes":""},"class_list":["post-1760","page","type-page","status-publish","hentry"],"acf":[],"aioseo_notices":[],"aioseo_head":"\n\t\t<!-- All in One SEO Pro 4.9.6.1 - aioseo.com -->\n\t<meta name=\"description\" content=\"D\u00e9couvrez nos produits de vanille, avec des packaging \u00e0 votre image en marque blanche. Offrez \u00e0 vos clients une qualit\u00e9 exceptionnelle et une exp\u00e9rience personnalis\u00e9e.\" \/>\n\t<meta name=\"robots\" content=\"max-snippet:-1, max-image-preview:large, max-video-preview:-1\" \/>\n\t<meta name=\"google-site-verification\" content=\"v2xa5-fUu2oVBpRW3zu3eoK3R5xvbC4Q9p2I5CI9WEI\" \/>\n\t<link rel=\"canonical\" href=\"https:\/\/vanillafair.com\/fr\/produits\/vente-au-detail\/\" \/>\n\t<meta name=\"generator\" content=\"All in One SEO Pro (AIOSEO) 4.9.6.1\" \/>\n\t\t<meta property=\"og:locale\" content=\"fr_FR\" \/>\n\t\t<meta property=\"og:site_name\" content=\"Vanilla fair | Empowering Communities, One Vanilla Bean at a Time\" \/>\n\t\t<meta property=\"og:type\" content=\"article\" \/>\n\t\t<meta property=\"og:title\" content=\"Marque blanche, packaging personnalis\u00e9 | Vanilla Fair\" \/>\n\t\t<meta property=\"og:description\" content=\"D\u00e9couvrez nos produits de vanille, avec des packaging \u00e0 votre image en marque blanche. Offrez \u00e0 vos clients une qualit\u00e9 exceptionnelle et une exp\u00e9rience personnalis\u00e9e.\" \/>\n\t\t<meta property=\"og:url\" content=\"https:\/\/vanillafair.com\/fr\/produits\/vente-au-detail\/\" \/>\n\t\t<meta property=\"og:image\" content=\"https:\/\/vanillafair.com\/wp-content\/uploads\/2024\/08\/Black-Vanilla-for-Professionals-2.jpg\" \/>\n\t\t<meta property=\"og:image:secure_url\" content=\"https:\/\/vanillafair.com\/wp-content\/uploads\/2024\/08\/Black-Vanilla-for-Professionals-2.jpg\" \/>\n\t\t<meta property=\"og:image:width\" content=\"1280\" \/>\n\t\t<meta property=\"og:image:height\" content=\"600\" \/>\n\t\t<meta property=\"article:published_time\" content=\"2024-06-18T12:56:35+00:00\" \/>\n\t\t<meta property=\"article:modified_time\" content=\"2025-01-10T22:47:10+00:00\" \/>\n\t\t<meta property=\"article:publisher\" content=\"https:\/\/www.facebook.com\/profile.php?id=61550121462223\" \/>\n\t\t<meta name=\"twitter:card\" content=\"summary_large_image\" \/>\n\t\t<meta name=\"twitter:title\" content=\"Marque blanche, packaging personnalis\u00e9 | Vanilla Fair\" \/>\n\t\t<meta name=\"twitter:description\" content=\"D\u00e9couvrez nos produits de vanille, avec des packaging \u00e0 votre image en marque blanche. Offrez \u00e0 vos clients une qualit\u00e9 exceptionnelle et une exp\u00e9rience personnalis\u00e9e.\" \/>\n\t\t<meta name=\"twitter:image\" content=\"https:\/\/vanillafair.cssrender.com\/wp-content\/uploads\/2024\/06\/logo.svg\" \/>\n\t\t<script type=\"application\/ld+json\" class=\"aioseo-schema\">\n\t\t\t{\"@context\":\"https:\\\/\\\/schema.org\",\"@graph\":[{\"@type\":\"BreadcrumbList\",\"@id\":\"https:\\\/\\\/vanillafair.com\\\/fr\\\/produits\\\/vente-au-detail\\\/#breadcrumblist\",\"itemListElement\":[{\"@type\":\"ListItem\",\"@id\":\"https:\\\/\\\/vanillafair.com\\\/fr\\\/#listItem\",\"position\":1,\"name\":\"Home\",\"item\":\"https:\\\/\\\/vanillafair.com\\\/fr\\\/\",\"nextItem\":{\"@type\":\"ListItem\",\"@id\":\"https:\\\/\\\/vanillafair.com\\\/fr\\\/produits\\\/#listItem\",\"name\":\"Produits\"}},{\"@type\":\"ListItem\",\"@id\":\"https:\\\/\\\/vanillafair.com\\\/fr\\\/produits\\\/#listItem\",\"position\":2,\"name\":\"Produits\",\"item\":\"https:\\\/\\\/vanillafair.com\\\/fr\\\/produits\\\/\",\"nextItem\":{\"@type\":\"ListItem\",\"@id\":\"https:\\\/\\\/vanillafair.com\\\/fr\\\/produits\\\/vente-au-detail\\\/#listItem\",\"name\":\"Vente au d\\u00e9tail OEM\"},\"previousItem\":{\"@type\":\"ListItem\",\"@id\":\"https:\\\/\\\/vanillafair.com\\\/fr\\\/#listItem\",\"name\":\"Home\"}},{\"@type\":\"ListItem\",\"@id\":\"https:\\\/\\\/vanillafair.com\\\/fr\\\/produits\\\/vente-au-detail\\\/#listItem\",\"position\":3,\"name\":\"Vente au d\\u00e9tail OEM\",\"previousItem\":{\"@type\":\"ListItem\",\"@id\":\"https:\\\/\\\/vanillafair.com\\\/fr\\\/produits\\\/#listItem\",\"name\":\"Produits\"}}]},{\"@type\":\"Organization\",\"@id\":\"https:\\\/\\\/vanillafair.com\\\/fr\\\/#organization\",\"name\":\"Vanilla fair\",\"description\":\"Empowering Communities, One Vanilla Bean at a Time\",\"url\":\"https:\\\/\\\/vanillafair.com\\\/fr\\\/\",\"email\":\"contact@vanillafair.com\",\"telephone\":\"+33955658293\",\"foundingDate\":\"2018-12-04\",\"numberOfEmployees\":{\"@type\":\"QuantitativeValue\",\"minValue\":10,\"maxValue\":50},\"logo\":{\"@type\":\"ImageObject\",\"url\":\"https:\\\/\\\/vanillafair.cssrender.com\\\/wp-content\\\/uploads\\\/2024\\\/06\\\/logo.svg\",\"@id\":\"https:\\\/\\\/vanillafair.com\\\/fr\\\/produits\\\/vente-au-detail\\\/#organizationLogo\"},\"image\":{\"@id\":\"https:\\\/\\\/vanillafair.com\\\/fr\\\/produits\\\/vente-au-detail\\\/#organizationLogo\"},\"sameAs\":[\"https:\\\/\\\/www.facebook.com\\\/profile.php?id=61550121462223\",\"https:\\\/\\\/www.instagram.com\\\/vanilla__fair?igsh=enJnNTZvaTdzMzg2&utm_source=qr\",\"https:\\\/\\\/www.youtube.com\\\/@vanillafair\",\"https:\\\/\\\/www.linkedin.com\\\/company\\\/vanillafair\\\/\"]},{\"@type\":\"WebPage\",\"@id\":\"https:\\\/\\\/vanillafair.com\\\/fr\\\/produits\\\/vente-au-detail\\\/#webpage\",\"url\":\"https:\\\/\\\/vanillafair.com\\\/fr\\\/produits\\\/vente-au-detail\\\/\",\"name\":\"Marque blanche, packaging personnalis\\u00e9 | Vanilla Fair\",\"description\":\"D\\u00e9couvrez nos produits de vanille, avec des packaging \\u00e0 votre image en marque blanche. Offrez \\u00e0 vos clients une qualit\\u00e9 exceptionnelle et une exp\\u00e9rience personnalis\\u00e9e.\",\"inLanguage\":\"fr-FR\",\"isPartOf\":{\"@id\":\"https:\\\/\\\/vanillafair.com\\\/fr\\\/#website\"},\"breadcrumb\":{\"@id\":\"https:\\\/\\\/vanillafair.com\\\/fr\\\/produits\\\/vente-au-detail\\\/#breadcrumblist\"},\"datePublished\":\"2024-06-18T12:56:35+00:00\",\"dateModified\":\"2025-01-10T22:47:10+00:00\"},{\"@type\":\"WebSite\",\"@id\":\"https:\\\/\\\/vanillafair.com\\\/fr\\\/#website\",\"url\":\"https:\\\/\\\/vanillafair.com\\\/fr\\\/\",\"name\":\"Vanilla fair\",\"alternateName\":\"VFF\",\"description\":\"Empowering Communities, One Vanilla Bean at a Time\",\"inLanguage\":\"fr-FR\",\"publisher\":{\"@id\":\"https:\\\/\\\/vanillafair.com\\\/fr\\\/#organization\"}}]}\n\t\t<\/script>\n\t\t<!-- All in One SEO Pro -->\r\n\t\t<title>Marque blanche, packaging personnalis\u00e9 | Vanilla Fair<\/title>\n\n","aioseo_head_json":{"title":"Marque blanche, packaging personnalis\u00e9 | Vanilla Fair","description":"D\u00e9couvrez nos produits de vanille, avec des packaging \u00e0 votre image en marque blanche. Offrez \u00e0 vos clients une qualit\u00e9 exceptionnelle et une exp\u00e9rience personnalis\u00e9e.","canonical_url":"https:\/\/vanillafair.com\/fr\/produits\/vente-au-detail\/","robots":"max-snippet:-1, max-image-preview:large, max-video-preview:-1","keywords":"","webmasterTools":{"google-site-verification":"v2xa5-fUu2oVBpRW3zu3eoK3R5xvbC4Q9p2I5CI9WEI","miscellaneous":""},"schema":{"@context":"https:\/\/schema.org","@graph":[{"@type":"BreadcrumbList","@id":"https:\/\/vanillafair.com\/fr\/produits\/vente-au-detail\/#breadcrumblist","itemListElement":[{"@type":"ListItem","@id":"https:\/\/vanillafair.com\/fr\/#listItem","position":1,"name":"Home","item":"https:\/\/vanillafair.com\/fr\/","nextItem":{"@type":"ListItem","@id":"https:\/\/vanillafair.com\/fr\/produits\/#listItem","name":"Produits"}},{"@type":"ListItem","@id":"https:\/\/vanillafair.com\/fr\/produits\/#listItem","position":2,"name":"Produits","item":"https:\/\/vanillafair.com\/fr\/produits\/","nextItem":{"@type":"ListItem","@id":"https:\/\/vanillafair.com\/fr\/produits\/vente-au-detail\/#listItem","name":"Vente au d\u00e9tail OEM"},"previousItem":{"@type":"ListItem","@id":"https:\/\/vanillafair.com\/fr\/#listItem","name":"Home"}},{"@type":"ListItem","@id":"https:\/\/vanillafair.com\/fr\/produits\/vente-au-detail\/#listItem","position":3,"name":"Vente au d\u00e9tail OEM","previousItem":{"@type":"ListItem","@id":"https:\/\/vanillafair.com\/fr\/produits\/#listItem","name":"Produits"}}]},{"@type":"Organization","@id":"https:\/\/vanillafair.com\/fr\/#organization","name":"Vanilla fair","description":"Empowering Communities, One Vanilla Bean at a Time","url":"https:\/\/vanillafair.com\/fr\/","email":"contact@vanillafair.com","telephone":"+33955658293","foundingDate":"2018-12-04","numberOfEmployees":{"@type":"QuantitativeValue","minValue":10,"maxValue":50},"logo":{"@type":"ImageObject","url":"https:\/\/vanillafair.cssrender.com\/wp-content\/uploads\/2024\/06\/logo.svg","@id":"https:\/\/vanillafair.com\/fr\/produits\/vente-au-detail\/#organizationLogo"},"image":{"@id":"https:\/\/vanillafair.com\/fr\/produits\/vente-au-detail\/#organizationLogo"},"sameAs":["https:\/\/www.facebook.com\/profile.php?id=61550121462223","https:\/\/www.instagram.com\/vanilla__fair?igsh=enJnNTZvaTdzMzg2&utm_source=qr","https:\/\/www.youtube.com\/@vanillafair","https:\/\/www.linkedin.com\/company\/vanillafair\/"]},{"@type":"WebPage","@id":"https:\/\/vanillafair.com\/fr\/produits\/vente-au-detail\/#webpage","url":"https:\/\/vanillafair.com\/fr\/produits\/vente-au-detail\/","name":"Marque blanche, packaging personnalis\u00e9 | Vanilla Fair","description":"D\u00e9couvrez nos produits de vanille, avec des packaging \u00e0 votre image en marque blanche. Offrez \u00e0 vos clients une qualit\u00e9 exceptionnelle et une exp\u00e9rience personnalis\u00e9e.","inLanguage":"fr-FR","isPartOf":{"@id":"https:\/\/vanillafair.com\/fr\/#website"},"breadcrumb":{"@id":"https:\/\/vanillafair.com\/fr\/produits\/vente-au-detail\/#breadcrumblist"},"datePublished":"2024-06-18T12:56:35+00:00","dateModified":"2025-01-10T22:47:10+00:00"},{"@type":"WebSite","@id":"https:\/\/vanillafair.com\/fr\/#website","url":"https:\/\/vanillafair.com\/fr\/","name":"Vanilla fair","alternateName":"VFF","description":"Empowering Communities, One Vanilla Bean at a Time","inLanguage":"fr-FR","publisher":{"@id":"https:\/\/vanillafair.com\/fr\/#organization"}}]},"og:locale":"fr_FR","og:site_name":"Vanilla fair | Empowering Communities, One Vanilla Bean at a Time","og:type":"article","og:title":"Marque blanche, packaging personnalis\u00e9 | Vanilla Fair","og:description":"D\u00e9couvrez nos produits de vanille, avec des packaging \u00e0 votre image en marque blanche. Offrez \u00e0 vos clients une qualit\u00e9 exceptionnelle et une exp\u00e9rience personnalis\u00e9e.","og:url":"https:\/\/vanillafair.com\/fr\/produits\/vente-au-detail\/","og:image":"https:\/\/vanillafair.com\/wp-content\/uploads\/2024\/08\/Black-Vanilla-for-Professionals-2.jpg","og:image:secure_url":"https:\/\/vanillafair.com\/wp-content\/uploads\/2024\/08\/Black-Vanilla-for-Professionals-2.jpg","og:image:width":1280,"og:image:height":600,"article:published_time":"2024-06-18T12:56:35+00:00","article:modified_time":"2025-01-10T22:47:10+00:00","article:publisher":"https:\/\/www.facebook.com\/profile.php?id=61550121462223","twitter:card":"summary_large_image","twitter:title":"Marque blanche, packaging personnalis\u00e9 | Vanilla Fair","twitter:description":"D\u00e9couvrez nos produits de vanille, avec des packaging \u00e0 votre image en marque blanche. Offrez \u00e0 vos clients une qualit\u00e9 exceptionnelle et une exp\u00e9rience personnalis\u00e9e.","twitter:image":"https:\/\/vanillafair.cssrender.com\/wp-content\/uploads\/2024\/06\/logo.svg"},"aioseo_meta_data":{"post_id":"1760","title":"Marque blanche, packaging personnalis\u00e9 | Vanilla Fair","description":"D\u00e9couvrez nos produits de vanille, avec des packaging \u00e0 votre image en marque blanche. Offrez \u00e0 vos clients une qualit\u00e9 exceptionnelle et une exp\u00e9rience personnalis\u00e9e.","keywords":null,"keyphrases":{"focus":{"keyphrase":"","score":0,"analysis":{"keyphraseInTitle":{"score":0,"maxScore":9,"error":1}}},"additional":[]},"primary_term":null,"canonical_url":null,"og_title":null,"og_description":null,"og_object_type":"default","og_image_type":"default","og_image_url":null,"og_image_width":null,"og_image_height":null,"og_image_custom_url":null,"og_image_custom_fields":null,"og_video":"","og_custom_url":null,"og_article_section":null,"og_article_tags":null,"twitter_use_og":false,"twitter_card":"default","twitter_image_type":"default","twitter_image_url":null,"twitter_image_custom_url":null,"twitter_image_custom_fields":null,"twitter_title":null,"twitter_description":null,"schema":{"blockGraphs":[],"customGraphs":[],"default":{"data":{"Article":[],"Course":[],"Dataset":[],"FAQPage":[],"Movie":[],"Person":[],"Product":[],"ProductReview":[],"Car":[],"Recipe":[],"Service":[],"SoftwareApplication":[],"WebPage":[]},"graphName":"WebPage","isEnabled":true},"graphs":[]},"schema_type":"default","schema_type_options":null,"pillar_content":false,"robots_default":true,"robots_noindex":false,"robots_noarchive":false,"robots_nosnippet":false,"robots_nofollow":false,"robots_noimageindex":false,"robots_noodp":false,"robots_notranslate":false,"robots_max_snippet":"-1","robots_max_videopreview":"-1","robots_max_imagepreview":"large","priority":null,"frequency":"default","local_seo":null,"seo_analyzer_scan_date":"2025-10-09 00:05:11","breadcrumb_settings":null,"limit_modified_date":false,"reviewed_by":null,"open_ai":"{\"title\":{\"suggestions\":[],\"usage\":0},\"description\":{\"suggestions\":[],\"usage\":0}}","ai":null,"created":"2024-07-10 11:48:49","updated":"2025-10-21 22:27:03"},"aioseo_breadcrumb":"<div class=\"aioseo-breadcrumbs\"><span class=\"aioseo-breadcrumb\">\n\t<a href=\"https:\/\/vanillafair.com\/fr\/\" title=\"Home\">Home<\/a>\n<\/span><span class=\"aioseo-breadcrumb-separator\">\u2013<\/span><span class=\"aioseo-breadcrumb\">\n\t<a href=\"https:\/\/vanillafair.com\/fr\/produits\/\" title=\"Produits\">Produits<\/a>\n<\/span><span class=\"aioseo-breadcrumb-separator\">\u2013<\/span><span class=\"aioseo-breadcrumb\">\n\tVente au d\u00e9tail OEM\n<\/span><\/div>","aioseo_breadcrumb_json":[{"label":"Home","link":"https:\/\/vanillafair.com\/fr\/"},{"label":"Produits","link":"https:\/\/vanillafair.com\/fr\/produits\/"},{"label":"Vente au d\u00e9tail OEM","link":"https:\/\/vanillafair.com\/fr\/produits\/vente-au-detail\/"}],"_links":{"self":[{"href":"https:\/\/vanillafair.com\/fr\/wp-json\/wp\/v2\/pages\/1760","targetHints":{"allow":["GET"]}}],"collection":[{"href":"https:\/\/vanillafair.com\/fr\/wp-json\/wp\/v2\/pages"}],"about":[{"href":"https:\/\/vanillafair.com\/fr\/wp-json\/wp\/v2\/types\/page"}],"author":[{"embeddable":true,"href":"https:\/\/vanillafair.com\/fr\/wp-json\/wp\/v2\/users\/1"}],"replies":[{"embeddable":true,"href":"https:\/\/vanillafair.com\/fr\/wp-json\/wp\/v2\/comments?post=1760"}],"version-history":[{"count":9,"href":"https:\/\/vanillafair.com\/fr\/wp-json\/wp\/v2\/pages\/1760\/revisions"}],"predecessor-version":[{"id":5799,"href":"https:\/\/vanillafair.com\/fr\/wp-json\/wp\/v2\/pages\/1760\/revisions\/5799"}],"up":[{"embeddable":true,"href":"https:\/\/vanillafair.com\/fr\/wp-json\/wp\/v2\/pages\/1762"}],"wp:attachment":[{"href":"https:\/\/vanillafair.com\/fr\/wp-json\/wp\/v2\/media?parent=1760"}],"curies":[{"name":"wp","href":"https:\/\/api.w.org\/{rel}","templated":true}]}}