{"id":1764,"date":"2024-06-03T14:16:06","date_gmt":"2024-06-03T14:16:06","guid":{"rendered":"https:\/\/vanillafair.cssrender.com\/lexique\/"},"modified":"2024-09-03T13:09:02","modified_gmt":"2024-09-03T13:09:02","slug":"lexique","status":"publish","type":"page","link":"https:\/\/vanillafair.com\/fr\/lexique\/","title":{"rendered":"Lexique"},"content":{"rendered":"","protected":false},"excerpt":{"rendered":"","protected":false},"author":1,"featured_media":0,"parent":0,"menu_order":0,"comment_status":"closed","ping_status":"closed","template":"template-lexicon.php","meta":{"_acf_changed":false,"footnotes":""},"class_list":["post-1764","page","type-page","status-publish","hentry"],"acf":[],"aioseo_notices":[],"aioseo_head":"\n\t\t<!-- All in One SEO Pro 4.9.5.2 - aioseo.com -->\n\t<meta name=\"description\" content=\"Explorez notre lexique complet pour comprendre les termes essentiels de la vanille, de la culture \u00e0 la transformation, et ma\u00eetriser le vocabulaire du m\u00e9tier.\" \/>\n\t<meta name=\"robots\" content=\"max-snippet:-1, max-image-preview:large, max-video-preview:-1\" \/>\n\t<meta name=\"google-site-verification\" content=\"v2xa5-fUu2oVBpRW3zu3eoK3R5xvbC4Q9p2I5CI9WEI\" \/>\n\t<link rel=\"canonical\" href=\"https:\/\/vanillafair.com\/fr\/lexique\/\" \/>\n\t<meta name=\"generator\" content=\"All in One SEO Pro (AIOSEO) 4.9.5.2\" \/>\n\t\t<meta property=\"og:locale\" content=\"fr_FR\" \/>\n\t\t<meta property=\"og:site_name\" content=\"Vanilla fair | Empowering Communities, One Vanilla Bean at a Time\" \/>\n\t\t<meta property=\"og:type\" content=\"article\" \/>\n\t\t<meta property=\"og:title\" content=\"Lexique de la Vanille | Vanilla Fair - Glossaire\" \/>\n\t\t<meta property=\"og:description\" content=\"Explorez notre lexique complet pour comprendre les termes essentiels de la vanille, de la culture \u00e0 la transformation, et ma\u00eetriser le vocabulaire du m\u00e9tier.\" \/>\n\t\t<meta property=\"og:url\" content=\"https:\/\/vanillafair.com\/fr\/lexique\/\" \/>\n\t\t<meta property=\"og:image\" content=\"https:\/\/vanillafair.com\/wp-content\/uploads\/2024\/08\/Black-Vanilla-for-Professionals-2.jpg\" \/>\n\t\t<meta property=\"og:image:secure_url\" content=\"https:\/\/vanillafair.com\/wp-content\/uploads\/2024\/08\/Black-Vanilla-for-Professionals-2.jpg\" \/>\n\t\t<meta property=\"og:image:width\" content=\"1280\" \/>\n\t\t<meta property=\"og:image:height\" content=\"600\" \/>\n\t\t<meta property=\"article:published_time\" content=\"2024-06-03T14:16:06+00:00\" \/>\n\t\t<meta property=\"article:modified_time\" content=\"2024-09-03T13:09:02+00:00\" \/>\n\t\t<meta property=\"article:publisher\" content=\"https:\/\/www.facebook.com\/profile.php?id=61550121462223\" \/>\n\t\t<meta name=\"twitter:card\" content=\"summary_large_image\" \/>\n\t\t<meta name=\"twitter:title\" content=\"Lexique de la Vanille | Vanilla Fair - Glossaire\" \/>\n\t\t<meta name=\"twitter:description\" content=\"Explorez notre lexique complet pour comprendre les termes essentiels de la vanille, de la culture \u00e0 la transformation, et ma\u00eetriser le vocabulaire du m\u00e9tier.\" \/>\n\t\t<meta name=\"twitter:image\" content=\"https:\/\/vanillafair.cssrender.com\/wp-content\/uploads\/2024\/06\/logo.svg\" \/>\n\t\t<script type=\"application\/ld+json\" class=\"aioseo-schema\">\n\t\t\t{\"@context\":\"https:\\\/\\\/schema.org\",\"@graph\":[{\"@type\":\"BreadcrumbList\",\"@id\":\"https:\\\/\\\/vanillafair.com\\\/fr\\\/lexique\\\/#breadcrumblist\",\"itemListElement\":[{\"@type\":\"ListItem\",\"@id\":\"https:\\\/\\\/vanillafair.com\\\/fr\\\/#listItem\",\"position\":1,\"name\":\"Home\",\"item\":\"https:\\\/\\\/vanillafair.com\\\/fr\\\/\",\"nextItem\":{\"@type\":\"ListItem\",\"@id\":\"https:\\\/\\\/vanillafair.com\\\/fr\\\/lexique\\\/#listItem\",\"name\":\"Lexique\"}},{\"@type\":\"ListItem\",\"@id\":\"https:\\\/\\\/vanillafair.com\\\/fr\\\/lexique\\\/#listItem\",\"position\":2,\"name\":\"Lexique\",\"previousItem\":{\"@type\":\"ListItem\",\"@id\":\"https:\\\/\\\/vanillafair.com\\\/fr\\\/#listItem\",\"name\":\"Home\"}}]},{\"@type\":\"Organization\",\"@id\":\"https:\\\/\\\/vanillafair.com\\\/fr\\\/#organization\",\"name\":\"Vanilla fair\",\"description\":\"Empowering Communities, One Vanilla Bean at a Time\",\"url\":\"https:\\\/\\\/vanillafair.com\\\/fr\\\/\",\"email\":\"contact@vanillafair.com\",\"telephone\":\"+33955658293\",\"foundingDate\":\"2018-12-04\",\"numberOfEmployees\":{\"@type\":\"QuantitativeValue\",\"minValue\":10,\"maxValue\":50},\"logo\":{\"@type\":\"ImageObject\",\"url\":\"https:\\\/\\\/vanillafair.cssrender.com\\\/wp-content\\\/uploads\\\/2024\\\/06\\\/logo.svg\",\"@id\":\"https:\\\/\\\/vanillafair.com\\\/fr\\\/lexique\\\/#organizationLogo\"},\"image\":{\"@id\":\"https:\\\/\\\/vanillafair.com\\\/fr\\\/lexique\\\/#organizationLogo\"},\"sameAs\":[\"https:\\\/\\\/www.facebook.com\\\/profile.php?id=61550121462223\",\"https:\\\/\\\/www.instagram.com\\\/vanilla__fair?igsh=enJnNTZvaTdzMzg2&utm_source=qr\",\"https:\\\/\\\/www.youtube.com\\\/@vanillafair\",\"https:\\\/\\\/www.linkedin.com\\\/company\\\/vanillafair\\\/\"]},{\"@type\":\"WebPage\",\"@id\":\"https:\\\/\\\/vanillafair.com\\\/fr\\\/lexique\\\/#webpage\",\"url\":\"https:\\\/\\\/vanillafair.com\\\/fr\\\/lexique\\\/\",\"name\":\"Lexique de la Vanille | Vanilla Fair - Glossaire\",\"description\":\"Explorez notre lexique complet pour comprendre les termes essentiels de la vanille, de la culture \\u00e0 la transformation, et ma\\u00eetriser le vocabulaire du m\\u00e9tier.\",\"inLanguage\":\"fr-FR\",\"isPartOf\":{\"@id\":\"https:\\\/\\\/vanillafair.com\\\/fr\\\/#website\"},\"breadcrumb\":{\"@id\":\"https:\\\/\\\/vanillafair.com\\\/fr\\\/lexique\\\/#breadcrumblist\"},\"datePublished\":\"2024-06-03T14:16:06+00:00\",\"dateModified\":\"2024-09-03T13:09:02+00:00\"},{\"@type\":\"WebSite\",\"@id\":\"https:\\\/\\\/vanillafair.com\\\/fr\\\/#website\",\"url\":\"https:\\\/\\\/vanillafair.com\\\/fr\\\/\",\"name\":\"Vanilla fair\",\"alternateName\":\"VFF\",\"description\":\"Empowering Communities, One Vanilla Bean at a Time\",\"inLanguage\":\"fr-FR\",\"publisher\":{\"@id\":\"https:\\\/\\\/vanillafair.com\\\/fr\\\/#organization\"}}]}\n\t\t<\/script>\n\t\t<!-- All in One SEO Pro -->\r\n\t\t<title>Lexique de la Vanille | Vanilla Fair - Glossaire<\/title>\n\n","aioseo_head_json":{"title":"Lexique de la Vanille | Vanilla Fair - Glossaire","description":"Explorez notre lexique complet pour comprendre les termes essentiels de la vanille, de la culture \u00e0 la transformation, et ma\u00eetriser le vocabulaire du m\u00e9tier.","canonical_url":"https:\/\/vanillafair.com\/fr\/lexique\/","robots":"max-snippet:-1, max-image-preview:large, max-video-preview:-1","keywords":"","webmasterTools":{"google-site-verification":"v2xa5-fUu2oVBpRW3zu3eoK3R5xvbC4Q9p2I5CI9WEI","miscellaneous":""},"schema":{"@context":"https:\/\/schema.org","@graph":[{"@type":"BreadcrumbList","@id":"https:\/\/vanillafair.com\/fr\/lexique\/#breadcrumblist","itemListElement":[{"@type":"ListItem","@id":"https:\/\/vanillafair.com\/fr\/#listItem","position":1,"name":"Home","item":"https:\/\/vanillafair.com\/fr\/","nextItem":{"@type":"ListItem","@id":"https:\/\/vanillafair.com\/fr\/lexique\/#listItem","name":"Lexique"}},{"@type":"ListItem","@id":"https:\/\/vanillafair.com\/fr\/lexique\/#listItem","position":2,"name":"Lexique","previousItem":{"@type":"ListItem","@id":"https:\/\/vanillafair.com\/fr\/#listItem","name":"Home"}}]},{"@type":"Organization","@id":"https:\/\/vanillafair.com\/fr\/#organization","name":"Vanilla fair","description":"Empowering Communities, One Vanilla Bean at a Time","url":"https:\/\/vanillafair.com\/fr\/","email":"contact@vanillafair.com","telephone":"+33955658293","foundingDate":"2018-12-04","numberOfEmployees":{"@type":"QuantitativeValue","minValue":10,"maxValue":50},"logo":{"@type":"ImageObject","url":"https:\/\/vanillafair.cssrender.com\/wp-content\/uploads\/2024\/06\/logo.svg","@id":"https:\/\/vanillafair.com\/fr\/lexique\/#organizationLogo"},"image":{"@id":"https:\/\/vanillafair.com\/fr\/lexique\/#organizationLogo"},"sameAs":["https:\/\/www.facebook.com\/profile.php?id=61550121462223","https:\/\/www.instagram.com\/vanilla__fair?igsh=enJnNTZvaTdzMzg2&utm_source=qr","https:\/\/www.youtube.com\/@vanillafair","https:\/\/www.linkedin.com\/company\/vanillafair\/"]},{"@type":"WebPage","@id":"https:\/\/vanillafair.com\/fr\/lexique\/#webpage","url":"https:\/\/vanillafair.com\/fr\/lexique\/","name":"Lexique de la Vanille | Vanilla Fair - Glossaire","description":"Explorez notre lexique complet pour comprendre les termes essentiels de la vanille, de la culture \u00e0 la transformation, et ma\u00eetriser le vocabulaire du m\u00e9tier.","inLanguage":"fr-FR","isPartOf":{"@id":"https:\/\/vanillafair.com\/fr\/#website"},"breadcrumb":{"@id":"https:\/\/vanillafair.com\/fr\/lexique\/#breadcrumblist"},"datePublished":"2024-06-03T14:16:06+00:00","dateModified":"2024-09-03T13:09:02+00:00"},{"@type":"WebSite","@id":"https:\/\/vanillafair.com\/fr\/#website","url":"https:\/\/vanillafair.com\/fr\/","name":"Vanilla fair","alternateName":"VFF","description":"Empowering Communities, One Vanilla Bean at a Time","inLanguage":"fr-FR","publisher":{"@id":"https:\/\/vanillafair.com\/fr\/#organization"}}]},"og:locale":"fr_FR","og:site_name":"Vanilla fair | Empowering Communities, One Vanilla Bean at a Time","og:type":"article","og:title":"Lexique de la Vanille | Vanilla Fair - Glossaire","og:description":"Explorez notre lexique complet pour comprendre les termes essentiels de la vanille, de la culture \u00e0 la transformation, et ma\u00eetriser le vocabulaire du m\u00e9tier.","og:url":"https:\/\/vanillafair.com\/fr\/lexique\/","og:image":"https:\/\/vanillafair.com\/wp-content\/uploads\/2024\/08\/Black-Vanilla-for-Professionals-2.jpg","og:image:secure_url":"https:\/\/vanillafair.com\/wp-content\/uploads\/2024\/08\/Black-Vanilla-for-Professionals-2.jpg","og:image:width":1280,"og:image:height":600,"article:published_time":"2024-06-03T14:16:06+00:00","article:modified_time":"2024-09-03T13:09:02+00:00","article:publisher":"https:\/\/www.facebook.com\/profile.php?id=61550121462223","twitter:card":"summary_large_image","twitter:title":"Lexique de la Vanille | Vanilla Fair - Glossaire","twitter:description":"Explorez notre lexique complet pour comprendre les termes essentiels de la vanille, de la culture \u00e0 la transformation, et ma\u00eetriser le vocabulaire du m\u00e9tier.","twitter:image":"https:\/\/vanillafair.cssrender.com\/wp-content\/uploads\/2024\/06\/logo.svg"},"aioseo_meta_data":{"post_id":"1764","title":"Lexique de la Vanille | Vanilla Fair - Glossaire","description":"Explorez notre lexique complet pour comprendre les termes essentiels de la vanille, de la culture \u00e0 la transformation, et ma\u00eetriser le vocabulaire du m\u00e9tier.","keywords":null,"keyphrases":{"focus":{"keyphrase":"","score":0,"analysis":{"keyphraseInTitle":{"score":0,"maxScore":9,"error":1}}},"additional":[]},"primary_term":null,"canonical_url":null,"og_title":null,"og_description":null,"og_object_type":"default","og_image_type":"default","og_image_url":null,"og_image_width":null,"og_image_height":null,"og_image_custom_url":null,"og_image_custom_fields":null,"og_video":"","og_custom_url":null,"og_article_section":null,"og_article_tags":null,"twitter_use_og":false,"twitter_card":"default","twitter_image_type":"default","twitter_image_url":null,"twitter_image_custom_url":null,"twitter_image_custom_fields":null,"twitter_title":null,"twitter_description":null,"schema":{"blockGraphs":[],"customGraphs":[],"default":{"data":{"Article":[],"Course":[],"Dataset":[],"FAQPage":[],"Movie":[],"Person":[],"Product":[],"ProductReview":[],"Car":[],"Recipe":[],"Service":[],"SoftwareApplication":[],"WebPage":[]},"graphName":"WebPage","isEnabled":true},"graphs":[]},"schema_type":"default","schema_type_options":null,"pillar_content":false,"robots_default":true,"robots_noindex":false,"robots_noarchive":false,"robots_nosnippet":false,"robots_nofollow":false,"robots_noimageindex":false,"robots_noodp":false,"robots_notranslate":false,"robots_max_snippet":"-1","robots_max_videopreview":"-1","robots_max_imagepreview":"large","priority":null,"frequency":"default","local_seo":null,"seo_analyzer_scan_date":"2025-10-08 23:51:56","breadcrumb_settings":null,"limit_modified_date":false,"reviewed_by":null,"open_ai":"{\"title\":{\"suggestions\":[],\"usage\":0},\"description\":{\"suggestions\":[],\"usage\":0}}","ai":null,"created":"2024-07-10 11:48:05","updated":"2025-10-21 22:27:03"},"aioseo_breadcrumb":"<div class=\"aioseo-breadcrumbs\"><span class=\"aioseo-breadcrumb\">\n\t<a href=\"https:\/\/vanillafair.com\/fr\/\" title=\"Home\">Home<\/a>\n<\/span><span class=\"aioseo-breadcrumb-separator\">\u2013<\/span><span class=\"aioseo-breadcrumb\">\n\tLexique\n<\/span><\/div>","aioseo_breadcrumb_json":[{"label":"Home","link":"https:\/\/vanillafair.com\/fr\/"},{"label":"Lexique","link":"https:\/\/vanillafair.com\/fr\/lexique\/"}],"_links":{"self":[{"href":"https:\/\/vanillafair.com\/fr\/wp-json\/wp\/v2\/pages\/1764","targetHints":{"allow":["GET"]}}],"collection":[{"href":"https:\/\/vanillafair.com\/fr\/wp-json\/wp\/v2\/pages"}],"about":[{"href":"https:\/\/vanillafair.com\/fr\/wp-json\/wp\/v2\/types\/page"}],"author":[{"embeddable":true,"href":"https:\/\/vanillafair.com\/fr\/wp-json\/wp\/v2\/users\/1"}],"replies":[{"embeddable":true,"href":"https:\/\/vanillafair.com\/fr\/wp-json\/wp\/v2\/comments?post=1764"}],"version-history":[{"count":2,"href":"https:\/\/vanillafair.com\/fr\/wp-json\/wp\/v2\/pages\/1764\/revisions"}],"predecessor-version":[{"id":4619,"href":"https:\/\/vanillafair.com\/fr\/wp-json\/wp\/v2\/pages\/1764\/revisions\/4619"}],"wp:attachment":[{"href":"https:\/\/vanillafair.com\/fr\/wp-json\/wp\/v2\/media?parent=1764"}],"curies":[{"name":"wp","href":"https:\/\/api.w.org\/{rel}","templated":true}]}}